{"id":2185,"date":"2023-09-03T01:15:29","date_gmt":"2023-09-02T22:15:29","guid":{"rendered":"https:\/\/onatlasgrup.com\/?post_type=product&#038;p=2185"},"modified":"2023-09-03T16:36:21","modified_gmt":"2023-09-03T13:36:21","slug":"uncubozkoyde-kiralik-61-dubleks-daire","status":"publish","type":"product","link":"https:\/\/onatlasgrup.com\/?product=uncubozkoyde-kiralik-61-dubleks-daire","title":{"rendered":"Uncubozk\u00f6y&#8217;de Kiral\u0131k 6+1 Dubleks Daire"},"content":{"rendered":"<p>Uncubozk\u00f6y&#8217;de en \u00e7ok talep g\u00f6ren b\u00f6lge<br \/>\n6+1 \u00c7ift teras \u00e7ift balkonlu<br \/>\nKaranl\u0131k odas\u0131 yoktur<br \/>\nArka tarafa bakan teras cam balkonludur.<br \/>\nKirac\u0131 A\u011fustos ay\u0131 sonunda \u00e7\u0131kacakt\u0131r.<\/p>\n<p>Sessiz sakin bir sokakta, manzaral\u0131 \u00e7at\u0131 dubleks keyfi ya\u015famak isterseniz beni aray\u0131n.<br \/>\nOn Atlas Gayrimenkul Ltd \u015eti<br \/>\nEngin G\u00fcng\u00f6r<\/p>\n","protected":false},"excerpt":{"rendered":"<p>Uncubozk\u00f6y&#8217;de en \u00e7ok talep g\u00f6ren b\u00f6lge 6+1 \u00c7ift teras \u00e7ift balkonlu Karanl\u0131k odas\u0131 yoktur Arka tarafa bakan teras cam balkonludur. Kirac\u0131 A\u011fustos ay\u0131 sonunda \u00e7\u0131kacakt\u0131r. Sessiz sakin bir sokakta, manzaral\u0131 \u00e7at\u0131 dubleks keyfi ya\u015famak isterseniz beni aray\u0131n. On Atlas Gayrimenkul Ltd \u015eti Engin G\u00fcng\u00f6r<\/p>\n","protected":false},"featured_media":2186,"template":"","meta":[],"product_cat":[38],"product_tag":[],"class_list":{"0":"post-2185","1":"product","2":"type-product","3":"status-publish","4":"has-post-thumbnail","6":"product_cat-kiralik","8":"first","9":"instock","10":"taxable","11":"shipping-taxable","12":"purchasable","13":"product-type-variable"},"_links":{"self":[{"href":"https:\/\/onatlasgrup.com\/index.php?rest_route=\/wp\/v2\/product\/2185","targetHints":{"allow":["GET"]}}],"collection":[{"href":"https:\/\/onatlasgrup.com\/index.php?rest_route=\/wp\/v2\/product"}],"about":[{"href":"https:\/\/onatlasgrup.com\/index.php?rest_route=\/wp\/v2\/types\/product"}],"wp:featuredmedia":[{"embeddable":true,"href":"https:\/\/onatlasgrup.com\/index.php?rest_route=\/wp\/v2\/media\/2186"}],"wp:attachment":[{"href":"https:\/\/onatlasgrup.com\/index.php?rest_route=%2Fwp%2Fv2%2Fmedia&parent=2185"}],"wp:term":[{"taxonomy":"product_cat","embeddable":true,"href":"https:\/\/onatlasgrup.com\/index.php?rest_route=%2Fwp%2Fv2%2Fproduct_cat&post=2185"},{"taxonomy":"product_tag","embeddable":true,"href":"https:\/\/onatlasgrup.com\/index.php?rest_route=%2Fwp%2Fv2%2Fproduct_tag&post=2185"}],"curies":[{"name":"wp","href":"https:\/\/api.w.org\/{rel}","templated":true}]}}