{"id":2173,"date":"2023-09-03T00:58:09","date_gmt":"2023-09-02T21:58:09","guid":{"rendered":"https:\/\/onatlasgrup.com\/?post_type=product&#038;p=2173"},"modified":"2023-09-03T00:58:09","modified_gmt":"2023-09-02T21:58:09","slug":"grand-medical-hastanesi-yani-satilik-11-daire","status":"publish","type":"product","link":"https:\/\/onatlasgrup.com\/?product=grand-medical-hastanesi-yani-satilik-11-daire","title":{"rendered":"Grand Medical Hastanesi Yan\u0131 Sat\u0131l\u0131k 1+1 Daire"},"content":{"rendered":"<p>G\u00fczelyurt GRANDMED\u0130CAL hastanesi yak\u0131n\u0131nda<br \/>\n1+1 a\u00e7\u0131k mutfak<br \/>\nKapal\u0131 cam balkonludur.<br \/>\nMerkezi sistem \u0131s\u0131tma<br \/>\nMutfak Do\u011falgaz\u0131<br \/>\nBosch ankastre set<br \/>\nVestiyer<br \/>\nArakat<br \/>\nSite i\u00e7erisinde<br \/>\nA\u00e7\u0131k kapal\u0131 otopark<br \/>\n24 saat kamera sistemi ile koruma<br \/>\nKap\u0131c\u0131 ve g\u00fcvenlikli<br \/>\n\u00c7ok bak\u0131ml\u0131 masrafs\u0131z keyifli bir dairedir.<br \/>\nDetayl\u0131 bilgi ve g\u00f6rmek i\u00e7in l\u00fctfen randevu al\u0131n\u0131z.<br \/>\nOn Atlas Gayrimenkul Ltd \u015eti<br \/>\nEngin G\u00fcng\u00f6r<\/p>\n","protected":false},"excerpt":{"rendered":"<p>G\u00fczelyurt GRANDMED\u0130CAL hastanesi yak\u0131n\u0131nda 1+1 a\u00e7\u0131k mutfak Kapal\u0131 cam balkonludur. Merkezi sistem \u0131s\u0131tma Mutfak Do\u011falgaz\u0131 Bosch ankastre set Vestiyer Arakat Site i\u00e7erisinde A\u00e7\u0131k kapal\u0131 otopark 24 saat kamera sistemi ile koruma Kap\u0131c\u0131 ve g\u00fcvenlikli \u00c7ok bak\u0131ml\u0131 masrafs\u0131z keyifli bir dairedir. Detayl\u0131 bilgi ve g\u00f6rmek i\u00e7in l\u00fctfen randevu al\u0131n\u0131z. On Atlas [&hellip;]<\/p>\n","protected":false},"featured_media":2174,"template":"","meta":[],"product_cat":[39],"product_tag":[],"class_list":{"0":"post-2173","1":"product","2":"type-product","3":"status-publish","4":"has-post-thumbnail","6":"product_cat-satilik","8":"first","9":"instock","10":"sale","11":"taxable","12":"shipping-taxable","13":"purchasable","14":"product-type-simple"},"_links":{"self":[{"href":"https:\/\/onatlasgrup.com\/index.php?rest_route=\/wp\/v2\/product\/2173","targetHints":{"allow":["GET"]}}],"collection":[{"href":"https:\/\/onatlasgrup.com\/index.php?rest_route=\/wp\/v2\/product"}],"about":[{"href":"https:\/\/onatlasgrup.com\/index.php?rest_route=\/wp\/v2\/types\/product"}],"wp:featuredmedia":[{"embeddable":true,"href":"https:\/\/onatlasgrup.com\/index.php?rest_route=\/wp\/v2\/media\/2174"}],"wp:attachment":[{"href":"https:\/\/onatlasgrup.com\/index.php?rest_route=%2Fwp%2Fv2%2Fmedia&parent=2173"}],"wp:term":[{"taxonomy":"product_cat","embeddable":true,"href":"https:\/\/onatlasgrup.com\/index.php?rest_route=%2Fwp%2Fv2%2Fproduct_cat&post=2173"},{"taxonomy":"product_tag","embeddable":true,"href":"https:\/\/onatlasgrup.com\/index.php?rest_route=%2Fwp%2Fv2%2Fproduct_tag&post=2173"}],"curies":[{"name":"wp","href":"https:\/\/api.w.org\/{rel}","templated":true}]}}