{"id":2082,"date":"2023-09-02T17:10:41","date_gmt":"2023-09-02T14:10:41","guid":{"rendered":"https:\/\/onatlasgrup.com\/?page_id=2082"},"modified":"2023-09-02T17:10:42","modified_gmt":"2023-09-02T14:10:42","slug":"anasayfa","status":"publish","type":"page","link":"https:\/\/onatlasgrup.com\/?page_id=2082","title":{"rendered":"Anasayfa"},"content":{"rendered":"\n\t\t<div class=\"wp-block-cover\"><div class=\"wp-block-cover__inner-container is-layout-flow wp-block-cover-is-layout-flow\">\n\t\t<p class=\"has-text-color has-text-align-center has-large-font-size\">Ma\u011fazaya ho\u015f geldiniz<\/p>\n\t\t\n\n\t\t\n\t\t<p class=\"has-text-color has-text-align-center\">Buraya k\u0131sa bir kar\u015f\u0131lama mesaj\u0131 yaz\u0131n<\/p>\n\t\t\n\n\t\t\n\t\t<div class=\"wp-block-buttons is-content-justification-center is-layout-flex wp-container-core-buttons-is-layout-16018d1d wp-block-buttons-is-layout-flex\">\n\t\t<div class=\"wp-block-button\"><a class=\"wp-block-button__link\" href=\"https:\/\/onatlasgrup.com\/?page_id=1991\">Al\u0131\u015fveri\u015fe git<\/a><\/div>\n\t\t<\/div>\n\t\t<\/div><\/div>\n\t\t\n\t\t\n\t\t<h2 class=\"wp-block-heading\" style=\"text-align:center\">Yeni \u00dcr\u00fcnler<\/h2>\n\t\t\n\n\t\t<div data-block-name=\"woocommerce\/product-new\" class=\"wc-block-grid wp-block-product-new wc-block-product-new has-3-columns has-multiple-rows\"><ul class=\"wc-block-grid__products\"><li class=\"wc-block-grid__product\">\n\t\t\t\t<a href=\"https:\/\/onatlasgrup.com\/?product=test-kiralik\" class=\"wc-block-grid__product-link\">\n\t\t\t\t\t<div class=\"wc-block-grid__product-image\"><img loading=\"lazy\" decoding=\"async\" width=\"300\" height=\"300\" src=\"https:\/\/onatlasgrup.com\/wp-content\/uploads\/2023\/09\/x5_1091509389fss-1-300x300.jpg\" class=\"attachment-woocommerce_thumbnail size-woocommerce_thumbnail\" alt=\"Test kiral\u0131k\" srcset=\"https:\/\/onatlasgrup.com\/wp-content\/uploads\/2023\/09\/x5_1091509389fss-1-300x300.jpg 300w, https:\/\/onatlasgrup.com\/wp-content\/uploads\/2023\/09\/x5_1091509389fss-1-150x150.jpg 150w, https:\/\/onatlasgrup.com\/wp-content\/uploads\/2023\/09\/x5_1091509389fss-1-100x100.jpg 100w, https:\/\/onatlasgrup.com\/wp-content\/uploads\/2023\/09\/x5_1091509389fss-1-90x90.jpg 90w\" sizes=\"auto, (max-width: 300px) 100vw, 300px\" \/><\/div>\n\t\t\t\t\t<div class=\"wc-block-grid__product-title\">Test kiral\u0131k<\/div>\n\t\t\t\t<\/a>\n\t\t\t\t\n\t\t\t\t<div class=\"wc-block-grid__product-price price\"><span class=\"woocommerce-Price-amount amount\">19,000.00<span class=\"woocommerce-Price-currencySymbol\">&#8378;<\/span><\/span> <small class=\"woocommerce-price-suffix\">KDV Dahil<\/small><\/div>\n\t\t\t\t\n\t\t\t\t<div class=\"wp-block-button wc-block-grid__product-add-to-cart\"><a href=\"?add-to-cart=2214\" aria-label=\"Add &ldquo;Test kiral\u0131k&rdquo; to your cart\" data-quantity=\"1\" data-product_id=\"2214\" data-product_sku=\"\" rel=\"nofollow\" class=\"wp-block-button__link  add_to_cart_button ajax_add_to_cart\">Add to cart<\/a><\/div>\n\t\t\t<\/li><li class=\"wc-block-grid__product\">\n\t\t\t\t<a href=\"https:\/\/onatlasgrup.com\/?product=uncubozkoyde-kiralik-61-dubleks-daire\" class=\"wc-block-grid__product-link\">\n\t\t\t\t\t<div class=\"wc-block-grid__product-image\"><img loading=\"lazy\" decoding=\"async\" width=\"300\" height=\"300\" src=\"https:\/\/onatlasgrup.com\/wp-content\/uploads\/2023\/09\/x5_111687494802m-300x300.jpg\" class=\"attachment-woocommerce_thumbnail size-woocommerce_thumbnail\" alt=\"Uncubozk\u00f6y&#039;de Kiral\u0131k 6+1 Dubleks Daire\" srcset=\"https:\/\/onatlasgrup.com\/wp-content\/uploads\/2023\/09\/x5_111687494802m-300x300.jpg 300w, https:\/\/onatlasgrup.com\/wp-content\/uploads\/2023\/09\/x5_111687494802m-150x150.jpg 150w, https:\/\/onatlasgrup.com\/wp-content\/uploads\/2023\/09\/x5_111687494802m-100x100.jpg 100w, https:\/\/onatlasgrup.com\/wp-content\/uploads\/2023\/09\/x5_111687494802m-90x90.jpg 90w\" sizes=\"auto, (max-width: 300px) 100vw, 300px\" \/><\/div>\n\t\t\t\t\t<div class=\"wc-block-grid__product-title\">Uncubozk\u00f6y&#8217;de Kiral\u0131k 6+1 Dubleks Daire<\/div>\n\t\t\t\t<\/a>\n\t\t\t\t\n\t\t\t\t<div class=\"wc-block-grid__product-price price\"><span class=\"woocommerce-Price-amount amount\">54,000.00<span class=\"woocommerce-Price-currencySymbol\">&#8378;<\/span><\/span> <small class=\"woocommerce-price-suffix\">KDV Dahil<\/small><\/div>\n\t\t\t\t\n\t\t\t\t<div class=\"wp-block-button wc-block-grid__product-add-to-cart\"><a href=\"https:\/\/onatlasgrup.com\/?product=uncubozkoyde-kiralik-61-dubleks-daire\" aria-label=\"Select options for &ldquo;Uncubozk\u00f6y&#039;de Kiral\u0131k 6+1 Dubleks Daire&rdquo;\" data-quantity=\"1\" data-product_id=\"2185\" data-product_sku=\"\" rel=\"nofollow\" class=\"wp-block-button__link  add_to_cart_button\">Select options<\/a><\/div>\n\t\t\t<\/li><li class=\"wc-block-grid__product\">\n\t\t\t\t<a href=\"https:\/\/onatlasgrup.com\/?product=grand-medical-hastanesi-yani-satilik-11-daire\" class=\"wc-block-grid__product-link\">\n\t\t\t\t\t<div class=\"wc-block-grid__product-image\"><img loading=\"lazy\" decoding=\"async\" width=\"300\" height=\"300\" src=\"https:\/\/onatlasgrup.com\/wp-content\/uploads\/2023\/09\/x5_109150938913o-300x300.jpg\" class=\"attachment-woocommerce_thumbnail size-woocommerce_thumbnail\" alt=\"Grand Medical Hastanesi Yan\u0131 Sat\u0131l\u0131k 1+1 Daire\" srcset=\"https:\/\/onatlasgrup.com\/wp-content\/uploads\/2023\/09\/x5_109150938913o-300x300.jpg 300w, https:\/\/onatlasgrup.com\/wp-content\/uploads\/2023\/09\/x5_109150938913o-150x150.jpg 150w, https:\/\/onatlasgrup.com\/wp-content\/uploads\/2023\/09\/x5_109150938913o-100x100.jpg 100w, https:\/\/onatlasgrup.com\/wp-content\/uploads\/2023\/09\/x5_109150938913o-90x90.jpg 90w\" sizes=\"auto, (max-width: 300px) 100vw, 300px\" \/><\/div>\n\t\t\t\t\t<div class=\"wc-block-grid__product-title\">Grand Medical Hastanesi Yan\u0131 Sat\u0131l\u0131k 1+1 Daire<\/div>\n\t\t\t\t<\/a>\n\t\t\t\t<div class=\"wc-block-grid__product-onsale\">\n\t\t\t<span aria-hidden=\"true\">Sale<\/span>\n\t\t\t<span class=\"screen-reader-text\">Product on sale<\/span>\n\t\t<\/div>\n\t\t\t\t<div class=\"wc-block-grid__product-price price\"><del aria-hidden=\"true\"><span class=\"woocommerce-Price-amount amount\">2,550,000.00<span class=\"woocommerce-Price-currencySymbol\">&#8378;<\/span><\/span><\/del> <ins><span class=\"woocommerce-Price-amount amount\">2,300,000.00<span class=\"woocommerce-Price-currencySymbol\">&#8378;<\/span><\/span><\/ins> <small class=\"woocommerce-price-suffix\">KDV Dahil<\/small><\/div>\n\t\t\t\t\n\t\t\t\t<div class=\"wp-block-button wc-block-grid__product-add-to-cart\"><a href=\"?add-to-cart=2173\" aria-label=\"Add &ldquo;Grand Medical Hastanesi Yan\u0131 Sat\u0131l\u0131k 1+1 Daire&rdquo; to your cart\" data-quantity=\"1\" data-product_id=\"2173\" data-product_sku=\"1\" rel=\"nofollow\" class=\"wp-block-button__link  add_to_cart_button ajax_add_to_cart\">Add to cart<\/a><\/div>\n\t\t\t<\/li><\/ul><\/div> \n\t\t<div class=\"wp-block-media-text alignwide has-media-on-the-right\"><figure class=\"wp-block-media-text__media\"><\/figure><div class=\"wp-block-media-text__content\">\n\t\t<p class=\"has-large-font-size\"><\/p>\n\t\t<\/div><\/div>\n\t\t\n\t\t<div class=\"wp-block-media-text alignwide\"><figure class=\"wp-block-media-text__media\"><\/figure><div class=\"wp-block-media-text__content\">\n\t\t<p class=\"has-large-font-size\"><\/p>\n\t\t<\/div><\/div>\n\t\t\n\t\t<div class=\"wp-block-media-text alignwide has-media-on-the-right\"><figure class=\"wp-block-media-text__media\"><\/figure><div class=\"wp-block-media-text__content\">\n\t\t<p class=\"has-large-font-size\"><\/p>\n\t\t<\/div><\/div>\n\t\t\n\n\t\t","protected":false},"excerpt":{"rendered":"<p>Yeni \u00dcr\u00fcnler<\/p>\n","protected":false},"author":1,"featured_media":0,"parent":0,"menu_order":0,"comment_status":"closed","ping_status":"closed","template":"","meta":{"footnotes":""},"class_list":["post-2082","page","type-page","status-publish","hentry"],"_links":{"self":[{"href":"https:\/\/onatlasgrup.com\/index.php?rest_route=\/wp\/v2\/pages\/2082","targetHints":{"allow":["GET"]}}],"collection":[{"href":"https:\/\/onatlasgrup.com\/index.php?rest_route=\/wp\/v2\/pages"}],"about":[{"href":"https:\/\/onatlasgrup.com\/index.php?rest_route=\/wp\/v2\/types\/page"}],"author":[{"embeddable":true,"href":"https:\/\/onatlasgrup.com\/index.php?rest_route=\/wp\/v2\/users\/1"}],"replies":[{"embeddable":true,"href":"https:\/\/onatlasgrup.com\/index.php?rest_route=%2Fwp%2Fv2%2Fcomments&post=2082"}],"version-history":[{"count":1,"href":"https:\/\/onatlasgrup.com\/index.php?rest_route=\/wp\/v2\/pages\/2082\/revisions"}],"predecessor-version":[{"id":2083,"href":"https:\/\/onatlasgrup.com\/index.php?rest_route=\/wp\/v2\/pages\/2082\/revisions\/2083"}],"wp:attachment":[{"href":"https:\/\/onatlasgrup.com\/index.php?rest_route=%2Fwp%2Fv2%2Fmedia&parent=2082"}],"curies":[{"name":"wp","href":"https:\/\/api.w.org\/{rel}","templated":true}]}}