{"id":2051,"date":"2023-09-02T16:24:33","date_gmt":"2023-09-02T13:24:33","guid":{"rendered":"https:\/\/onatlasgrup.com\/?page_id=2051"},"modified":"2023-09-02T18:09:12","modified_gmt":"2023-09-02T15:09:12","slug":"ilanlar","status":"publish","type":"page","link":"https:\/\/onatlasgrup.com\/?page_id=2051","title":{"rendered":"\u0130lanlar"},"content":{"rendered":"\t\t<div data-elementor-type=\"wp-page\" data-elementor-id=\"2051\" class=\"elementor elementor-2051\" data-elementor-post-type=\"page\">\n\t\t\t\t\t\t\t\t\t<section class=\"elementor-section elementor-top-section elementor-element elementor-element-e18299f elementor-section-boxed elementor-section-height-default elementor-section-height-default\" data-id=\"e18299f\" data-element_type=\"section\">\n\t\t\t\t\t\t<div class=\"elementor-container elementor-column-gap-default\">\n\t\t\t\t\t<div class=\"elementor-column elementor-col-100 elementor-top-column elementor-element elementor-element-0d2024b\" data-id=\"0d2024b\" data-element_type=\"column\">\n\t\t\t<div class=\"elementor-widget-wrap elementor-element-populated\">\n\t\t\t\t\t\t\t\t<div class=\"elementor-element elementor-element-fc664af elementor-widget elementor-widget-woocommerce-breadcrumb\" data-id=\"fc664af\" data-element_type=\"widget\" data-widget_type=\"woocommerce-breadcrumb.default\">\n\t\t\t\t<div class=\"elementor-widget-container\">\n\t\t\t<link rel=\"stylesheet\" href=\"https:\/\/onatlasgrup.com\/wp-content\/plugins\/elementor-pro\/assets\/css\/widget-woocommerce.min.css\"><nav class=\"woocommerce-breadcrumb\">Home<\/nav>\t\t<\/div>\n\t\t\t\t<\/div>\n\t\t\t\t\t<\/div>\n\t\t<\/div>\n\t\t\t\t\t\t\t<\/div>\n\t\t<\/section>\n\t\t\t\t<section class=\"elementor-section elementor-top-section elementor-element elementor-element-c0e2436 elementor-section-boxed elementor-section-height-default elementor-section-height-default\" data-id=\"c0e2436\" data-element_type=\"section\">\n\t\t\t\t\t\t<div class=\"elementor-container elementor-column-gap-default\">\n\t\t\t\t\t<div class=\"elementor-column elementor-col-100 elementor-top-column elementor-element elementor-element-57d22e4\" data-id=\"57d22e4\" data-element_type=\"column\">\n\t\t\t<div class=\"elementor-widget-wrap elementor-element-populated\">\n\t\t\t\t\t\t\t\t<div class=\"elementor-element elementor-element-b8f5fb9 elementor-grid-3 elementor-grid-tablet-3 elementor-grid-mobile-2 elementor-products-grid elementor-wc-products elementor-show-pagination-border-yes elementor-widget elementor-widget-woocommerce-products\" data-id=\"b8f5fb9\" data-element_type=\"widget\" data-widget_type=\"woocommerce-products.default\">\n\t\t\t\t<div class=\"elementor-widget-container\">\n\t\t\t<div class=\"woocommerce columns-3 \"><div class=\"woocommerce-notices-wrapper\"><\/div><p class=\"woocommerce-result-count\">\n\tShowing all 3 results<\/p>\n<form class=\"woocommerce-ordering\" method=\"get\">\n\t<select name=\"orderby\" class=\"orderby\" aria-label=\"Shop order\">\n\t\t\t\t\t<option value=\"menu_order\"  selected='selected'>Default sorting<\/option>\n\t\t\t\t\t<option value=\"popularity\" >Sort by popularity<\/option>\n\t\t\t\t\t<option value=\"date\" >Sort by latest<\/option>\n\t\t\t\t\t<option value=\"price\" >Sort by price: low to high<\/option>\n\t\t\t\t\t<option value=\"price-desc\" >Sort by price: high to low<\/option>\n\t\t\t<\/select>\n\t<input type=\"hidden\" name=\"paged\" value=\"1\" \/>\n\t<input type=\"hidden\" name=\"rest_route\" value=\"\/wp\/v2\/pages\/2051\" \/><\/form>\n<ul class=\"products elementor-grid columns-3\">\n<li class=\"product type-product post-2173 status-publish first instock product_cat-satilik has-post-thumbnail sale taxable shipping-taxable purchasable product-type-simple\">\n\t<a href=\"https:\/\/onatlasgrup.com\/?product=grand-medical-hastanesi-yani-satilik-11-daire\" class=\"woocommerce-LoopProduct-link woocommerce-loop-product__link\">\n\t<span class=\"onsale\">Sale!<\/span>\n\t<img loading=\"lazy\" decoding=\"async\" width=\"300\" height=\"300\" src=\"https:\/\/onatlasgrup.com\/wp-content\/uploads\/2023\/09\/x5_109150938913o-300x300.jpg\" class=\"attachment-woocommerce_thumbnail size-woocommerce_thumbnail\" alt=\"\" srcset=\"https:\/\/onatlasgrup.com\/wp-content\/uploads\/2023\/09\/x5_109150938913o-300x300.jpg 300w, https:\/\/onatlasgrup.com\/wp-content\/uploads\/2023\/09\/x5_109150938913o-150x150.jpg 150w, https:\/\/onatlasgrup.com\/wp-content\/uploads\/2023\/09\/x5_109150938913o-100x100.jpg 100w, https:\/\/onatlasgrup.com\/wp-content\/uploads\/2023\/09\/x5_109150938913o-90x90.jpg 90w\" sizes=\"auto, (max-width: 300px) 100vw, 300px\" \/><h2 class=\"woocommerce-loop-product__title\">Grand Medical Hastanesi Yan\u0131 Sat\u0131l\u0131k 1+1 Daire<\/h2>\n\t<span class=\"price\"><del aria-hidden=\"true\"><span class=\"woocommerce-Price-amount amount\"><bdi>2,550,000.00<span class=\"woocommerce-Price-currencySymbol\">&#8378;<\/span><\/bdi><\/span><\/del> <ins><span class=\"woocommerce-Price-amount amount\"><bdi>2,300,000.00<span class=\"woocommerce-Price-currencySymbol\">&#8378;<\/span><\/bdi><\/span><\/ins> <small class=\"woocommerce-price-suffix\">KDV Dahil<\/small><\/span>\n<\/a><a href=\"?add-to-cart=2173\" data-quantity=\"1\" class=\"button product_type_simple add_to_cart_button ajax_add_to_cart\" data-product_id=\"2173\" data-product_sku=\"1\" aria-label=\"Add &ldquo;Grand Medical Hastanesi Yan\u0131 Sat\u0131l\u0131k 1+1 Daire&rdquo; to your cart\" aria-describedby=\"\" rel=\"nofollow\">Add to cart<\/a><\/li>\n<li class=\"product type-product post-2214 status-publish instock product_cat-kiralik has-post-thumbnail taxable shipping-taxable purchasable product-type-simple\">\n\t<a href=\"https:\/\/onatlasgrup.com\/?product=test-kiralik\" class=\"woocommerce-LoopProduct-link woocommerce-loop-product__link\"><img loading=\"lazy\" decoding=\"async\" width=\"300\" height=\"300\" src=\"https:\/\/onatlasgrup.com\/wp-content\/uploads\/2023\/09\/x5_1091509389fss-1-300x300.jpg\" class=\"attachment-woocommerce_thumbnail size-woocommerce_thumbnail\" alt=\"\" srcset=\"https:\/\/onatlasgrup.com\/wp-content\/uploads\/2023\/09\/x5_1091509389fss-1-300x300.jpg 300w, https:\/\/onatlasgrup.com\/wp-content\/uploads\/2023\/09\/x5_1091509389fss-1-150x150.jpg 150w, https:\/\/onatlasgrup.com\/wp-content\/uploads\/2023\/09\/x5_1091509389fss-1-100x100.jpg 100w, https:\/\/onatlasgrup.com\/wp-content\/uploads\/2023\/09\/x5_1091509389fss-1-90x90.jpg 90w\" sizes=\"auto, (max-width: 300px) 100vw, 300px\" \/><h2 class=\"woocommerce-loop-product__title\">Test kiral\u0131k<\/h2>\n\t<span class=\"price\"><span class=\"woocommerce-Price-amount amount\"><bdi>19,000.00<span class=\"woocommerce-Price-currencySymbol\">&#8378;<\/span><\/bdi><\/span> <small class=\"woocommerce-price-suffix\">KDV Dahil<\/small><\/span>\n<\/a><a href=\"?add-to-cart=2214\" data-quantity=\"1\" class=\"button product_type_simple add_to_cart_button ajax_add_to_cart\" data-product_id=\"2214\" data-product_sku=\"\" aria-label=\"Add &ldquo;Test kiral\u0131k&rdquo; to your cart\" aria-describedby=\"\" rel=\"nofollow\">Add to cart<\/a><\/li>\n<li class=\"product type-product post-2185 status-publish last instock product_cat-kiralik has-post-thumbnail taxable shipping-taxable purchasable product-type-variable\">\n\t<a href=\"https:\/\/onatlasgrup.com\/?product=uncubozkoyde-kiralik-61-dubleks-daire\" class=\"woocommerce-LoopProduct-link woocommerce-loop-product__link\"><img loading=\"lazy\" decoding=\"async\" width=\"300\" height=\"300\" src=\"https:\/\/onatlasgrup.com\/wp-content\/uploads\/2023\/09\/x5_111687494802m-300x300.jpg\" class=\"attachment-woocommerce_thumbnail size-woocommerce_thumbnail\" alt=\"\" srcset=\"https:\/\/onatlasgrup.com\/wp-content\/uploads\/2023\/09\/x5_111687494802m-300x300.jpg 300w, https:\/\/onatlasgrup.com\/wp-content\/uploads\/2023\/09\/x5_111687494802m-150x150.jpg 150w, https:\/\/onatlasgrup.com\/wp-content\/uploads\/2023\/09\/x5_111687494802m-100x100.jpg 100w, https:\/\/onatlasgrup.com\/wp-content\/uploads\/2023\/09\/x5_111687494802m-90x90.jpg 90w\" sizes=\"auto, (max-width: 300px) 100vw, 300px\" \/><h2 class=\"woocommerce-loop-product__title\">Uncubozk\u00f6y&#8217;de Kiral\u0131k 6+1 Dubleks Daire<\/h2>\n\t<span class=\"price\"><span class=\"woocommerce-Price-amount amount\"><bdi>54,000.00<span class=\"woocommerce-Price-currencySymbol\">&#8378;<\/span><\/bdi><\/span> <small class=\"woocommerce-price-suffix\">KDV Dahil<\/small><\/span>\n<\/a><a href=\"https:\/\/onatlasgrup.com\/?product=uncubozkoyde-kiralik-61-dubleks-daire\" data-quantity=\"1\" class=\"button product_type_variable add_to_cart_button\" data-product_id=\"2185\" data-product_sku=\"\" aria-label=\"Select options for &ldquo;Uncubozk\u00f6y&#039;de Kiral\u0131k 6+1 Dubleks Daire&rdquo;\" aria-describedby=\"This product has multiple variants. The options may be chosen on the product page\" rel=\"nofollow\">Select options<\/a><\/li>\n<\/ul>\n<\/div>\t\t<\/div>\n\t\t\t\t<\/div>\n\t\t\t\t\t<\/div>\n\t\t<\/div>\n\t\t\t\t\t\t\t<\/div>\n\t\t<\/section>\n\t\t\t\t\t\t\t<\/div>\n\t\t","protected":false},"excerpt":{"rendered":"","protected":false},"author":1,"featured_media":0,"parent":0,"menu_order":0,"comment_status":"closed","ping_status":"closed","template":"","meta":{"footnotes":""},"class_list":["post-2051","page","type-page","status-publish","hentry"],"_links":{"self":[{"href":"https:\/\/onatlasgrup.com\/index.php?rest_route=\/wp\/v2\/pages\/2051","targetHints":{"allow":["GET"]}}],"collection":[{"href":"https:\/\/onatlasgrup.com\/index.php?rest_route=\/wp\/v2\/pages"}],"about":[{"href":"https:\/\/onatlasgrup.com\/index.php?rest_route=\/wp\/v2\/types\/page"}],"author":[{"embeddable":true,"href":"https:\/\/onatlasgrup.com\/index.php?rest_route=\/wp\/v2\/users\/1"}],"replies":[{"embeddable":true,"href":"https:\/\/onatlasgrup.com\/index.php?rest_route=%2Fwp%2Fv2%2Fcomments&post=2051"}],"version-history":[{"count":30,"href":"https:\/\/onatlasgrup.com\/index.php?rest_route=\/wp\/v2\/pages\/2051\/revisions"}],"predecessor-version":[{"id":2106,"href":"https:\/\/onatlasgrup.com\/index.php?rest_route=\/wp\/v2\/pages\/2051\/revisions\/2106"}],"wp:attachment":[{"href":"https:\/\/onatlasgrup.com\/index.php?rest_route=%2Fwp%2Fv2%2Fmedia&parent=2051"}],"curies":[{"name":"wp","href":"https:\/\/api.w.org\/{rel}","templated":true}]}}